{"id":9292,"date":"2022-05-11T10:17:49","date_gmt":"2022-05-11T14:17:49","guid":{"rendered":"https:\/\/rutaspatagonicas.com.ar\/shop\/?post_type=product&#038;p=9292"},"modified":"2025-05-13T11:38:46","modified_gmt":"2025-05-13T15:38:46","slug":"phototravel-patagonia-clasico","status":"publish","type":"product","link":"https:\/\/rutaspatagonicas.com\/advertising\/producto\/phototravel-patagonia-clasico\/","title":{"rendered":"PhotoTravel Patagonia Cl\u00e1sico"},"content":{"rendered":"<p class=\"ds-markdown-paragraph\"><strong>\u2728 \u00a1Vive, Disfruta y Conserva para Siempre tu Aventura en la Patagonia con el\u00a0<em>PhotoTravel Patagonia Cl\u00e1sico<\/em>! \u2728<\/strong><\/p>\n<p class=\"ds-markdown-paragraph\">Imagina poder revivir cada atardecer en la Patagonia, cada ruta y destinio\u2026 <strong>\u00a1Para siempre!<\/strong>\u00a0Con nuestro\u00a0<em>PhotoTravel Patagonia Cl\u00e1sico<\/em>, no s\u00f3lo guardar\u00e1s fotos, sino <strong>historias \u00fanicas<\/strong>, con el respaldo de:<\/p>\n<p class=\"ds-markdown-paragraph\">\u2705\u00a0<strong>Banco de im\u00e1genes exclusivas<\/strong>\u00a0de\u00a0<em>Rutas Patag\u00f3nicas\u00ae<\/em>\u00a0para enriquecer tu \u00e1lbum.<br \/>\n\u2705\u00a0<strong>Asesor\u00eda creativa<\/strong>\u00a0para darle vida a tus recuerdos con dise\u00f1os personalizados.<br \/>\n\u2705\u00a0<strong>C\u00f3digo QR<\/strong>\u00a0vinculado a tu red social, blog o plataforma favorita (\u00a1t\u00fa eliges!).<br \/>\n\u2705\u00a0<strong>Flexibilidad de inicio<\/strong>: \u00a1Comienza el mes que prefieras!<\/p>\n<p class=\"ds-markdown-paragraph\">\u00a0<strong>No dejes que el viento patag\u00f3nico se lleve tus momentos\u2026<\/strong><br \/>\n\u00a0<strong>Reserva hoy<\/strong>\u00a0y convierte tu viaje en una obra de arte.<\/p>\n<p class=\"ds-markdown-paragraph\"><em>\u00bfListo para eternizar la magia de la Patagonia?<\/em>\u00a0\u2764\ufe0f #PhotoTravelPatagonia #RutasPatag\u00f3nicas<\/p>\n<!--themify_builder_content-->\n<div id=\"themify_builder_content-9292\" data-postid=\"9292\" class=\"themify_builder_content themify_builder_content-9292 themify_builder tf_clear\">\n    <\/div>\n<!--\/themify_builder_content-->\n<!-- AddThis Advanced Settings generic via filter on the_content --><!-- AddThis Share Buttons generic via filter on the_content -->","protected":false},"excerpt":{"rendered":"<p>\u2705\u00a0<strong>Banco de im\u00e1genes exclusivas<\/strong>\u00a0de\u00a0<em>Rutas Patag\u00f3nicas\u00ae<\/em>\u00a0para enriquecer tu \u00e1lbum.<br \/>\n\u2705\u00a0<strong>Asesor\u00eda creativa<\/strong>\u00a0para darle vida a tus recuerdos con dise\u00f1os personalizados.<br \/>\n\u2705\u00a0<strong>C\u00f3digo QR<\/strong>\u00a0vinculado a tu red social, blog o plataforma favorita (\u00a1t\u00fa eliges!).<br \/>\n\u2705\u00a0<strong>Flexibilidad de inicio<\/strong>: \u00a1Comienza el mes que prefieras!<!-- AddThis Advanced Settings generic via filter on get_the_excerpt --><!-- AddThis Share Buttons generic via filter on get_the_excerpt --><\/p>\n","protected":false},"featured_media":9632,"comment_status":"open","ping_status":"closed","template":"","meta":{"content-type":""},"product_brand":[772],"product_cat":[49,435,754],"product_tag":[795,45,790],"class_list":{"0":"post-9292","1":"product","2":"type-product","3":"status-publish","4":"has-post-thumbnail","6":"product_brand-rutas-patagonicas","7":"product_cat-calendario","8":"product_cat-mujer","9":"product_cat-rockford","10":"product_tag-clasico","11":"product_tag-patagonia","12":"product_tag-phototravel","13":"has-post-title","14":"has-post-date","15":"has-post-category","16":"has-post-tag","17":"has-post-comment","18":"has-post-author","19":"","21":"first","22":"instock","23":"taxable","24":"shipping-taxable","25":"purchasable","26":"product-type-variable"},"yoast_head":"<!-- This site is optimized with the Yoast SEO plugin v26.4 - https:\/\/yoast.com\/wordpress\/plugins\/seo\/ -->\n<title>PhotoTravel Patagonia Cl\u00e1sico | Rutas Patag\u00f3nicas<\/title>\n<meta name=\"description\" content=\"\u2705\u00a0Banco de im\u00e1genes exclusivas\u00a0de\u00a0Rutas Patag\u00f3nicas\u00ae\u00a0para enriquecer tu \u00e1lbum.\u2705\u00a0C\u00f3digo QR\u00a0vinculado a tu red social, blog o plataforma favorita (\u00a1t\u00fa eliges!).\u2705\u00a0Flexibilidad de inicio: \u00a1Comienza el mes que prefieras!\" \/>\n<meta name=\"robots\" content=\"index, follow, max-snippet:-1, max-image-preview:large, max-video-preview:-1\" \/>\n<link rel=\"canonical\" href=\"https:\/\/rutaspatagonicas.com\/advertising\/producto\/phototravel-patagonia-clasico\/\" \/>\n<meta property=\"og:locale\" content=\"es_ES\" \/>\n<meta property=\"og:type\" content=\"article\" \/>\n<meta property=\"og:title\" content=\"PhotoTravel Patagonia Cl\u00e1sico | Rutas Patag\u00f3nicas\" \/>\n<meta property=\"og:description\" content=\"\u2705\u00a0Banco de im\u00e1genes exclusivas\u00a0de\u00a0Rutas Patag\u00f3nicas\u00ae\u00a0para enriquecer tu \u00e1lbum.\u2705\u00a0C\u00f3digo QR\u00a0vinculado a tu red social, blog o plataforma favorita (\u00a1t\u00fa eliges!).\u2705\u00a0Flexibilidad de inicio: \u00a1Comienza el mes que prefieras!\" \/>\n<meta property=\"og:url\" content=\"https:\/\/rutaspatagonicas.com\/advertising\/producto\/phototravel-patagonia-clasico\/\" \/>\n<meta property=\"og:site_name\" content=\"Rutas Patag\u00f3nicas\" \/>\n<meta property=\"article:publisher\" content=\"https:\/\/www.facebook.com\/rutaspatagonicas.travel\/\" \/>\n<meta property=\"article:modified_time\" content=\"2025-05-13T15:38:46+00:00\" \/>\n<meta property=\"og:image\" content=\"https:\/\/mifoto.cl\/wp-content\/uploads\/2022\/12\/photobook-clasico-20x20-azul.png\" \/>\n\t<meta property=\"og:image:width\" content=\"768\" \/>\n\t<meta property=\"og:image:height\" content=\"768\" \/>\n\t<meta property=\"og:image:type\" content=\"image\/png\" \/>\n<meta name=\"twitter:card\" content=\"summary_large_image\" \/>\n<meta name=\"twitter:site\" content=\"@rutaspatagonica\" \/>\n<script type=\"application\/ld+json\" class=\"yoast-schema-graph\">{\"@context\":\"https:\/\/schema.org\",\"@graph\":[{\"@type\":\"WebPage\",\"@id\":\"https:\/\/rutaspatagonicas.com\/advertising\/producto\/phototravel-patagonia-clasico\/\",\"url\":\"https:\/\/rutaspatagonicas.com\/advertising\/producto\/phototravel-patagonia-clasico\/\",\"name\":\"PhotoTravel Patagonia Cl\u00e1sico | Rutas Patag\u00f3nicas\",\"isPartOf\":{\"@id\":\"https:\/\/rutaspatagonicas.com.ar\/shop\/#website\"},\"primaryImageOfPage\":{\"@id\":\"https:\/\/rutaspatagonicas.com\/advertising\/producto\/phototravel-patagonia-clasico\/#primaryimage\"},\"image\":{\"@id\":\"https:\/\/rutaspatagonicas.com\/advertising\/producto\/phototravel-patagonia-clasico\/#primaryimage\"},\"thumbnailUrl\":\"https:\/\/mifoto.cl\/wp-content\/uploads\/2022\/12\/photobook-clasico-20x20-azul.png\",\"datePublished\":\"2022-05-11T14:17:49+00:00\",\"dateModified\":\"2025-05-13T15:38:46+00:00\",\"description\":\"\u2705\u00a0Banco de im\u00e1genes exclusivas\u00a0de\u00a0Rutas Patag\u00f3nicas\u00ae\u00a0para enriquecer tu \u00e1lbum.\u2705\u00a0C\u00f3digo QR\u00a0vinculado a tu red social, blog o plataforma favorita (\u00a1t\u00fa eliges!).\u2705\u00a0Flexibilidad de inicio: \u00a1Comienza el mes que prefieras!\",\"breadcrumb\":{\"@id\":\"https:\/\/rutaspatagonicas.com\/advertising\/producto\/phototravel-patagonia-clasico\/#breadcrumb\"},\"inLanguage\":\"es\",\"potentialAction\":[{\"@type\":\"ReadAction\",\"target\":[\"https:\/\/rutaspatagonicas.com\/advertising\/producto\/phototravel-patagonia-clasico\/\"]}]},{\"@type\":\"ImageObject\",\"inLanguage\":\"es\",\"@id\":\"https:\/\/rutaspatagonicas.com\/advertising\/producto\/phototravel-patagonia-clasico\/#primaryimage\",\"url\":\"https:\/\/mifoto.cl\/wp-content\/uploads\/2022\/12\/photobook-clasico-20x20-azul.png\",\"contentUrl\":\"https:\/\/mifoto.cl\/wp-content\/uploads\/2022\/12\/photobook-clasico-20x20-azul.png\",\"width\":768,\"height\":768},{\"@type\":\"BreadcrumbList\",\"@id\":\"https:\/\/rutaspatagonicas.com\/advertising\/producto\/phototravel-patagonia-clasico\/#breadcrumb\",\"itemListElement\":[{\"@type\":\"ListItem\",\"position\":1,\"name\":\"Portada\",\"item\":\"https:\/\/rutaspatagonicas.com.ar\/shop\/\"},{\"@type\":\"ListItem\",\"position\":2,\"name\":\"Quiosco Patagonia\",\"item\":\"https:\/\/rutaspatagonicas.com.ar\/shop\/shop\/\"},{\"@type\":\"ListItem\",\"position\":3,\"name\":\"PhotoTravel Patagonia Cl\u00e1sico\"}]},{\"@type\":\"WebSite\",\"@id\":\"https:\/\/rutaspatagonicas.com.ar\/shop\/#website\",\"url\":\"https:\/\/rutaspatagonicas.com.ar\/shop\/\",\"name\":\"Rutas Patag\u00f3nicas\",\"description\":\"Quiosco Patagonia \/ Todo lo que necesitas para tu viaje a Patagonia\",\"potentialAction\":[{\"@type\":\"SearchAction\",\"target\":{\"@type\":\"EntryPoint\",\"urlTemplate\":\"https:\/\/rutaspatagonicas.com.ar\/shop\/?s={search_term_string}\"},\"query-input\":{\"@type\":\"PropertyValueSpecification\",\"valueRequired\":true,\"valueName\":\"search_term_string\"}}],\"inLanguage\":\"es\"}]}<\/script>\n<!-- \/ Yoast SEO plugin. -->","yoast_head_json":{"title":"PhotoTravel Patagonia Cl\u00e1sico | Rutas Patag\u00f3nicas","description":"\u2705\u00a0Banco de im\u00e1genes exclusivas\u00a0de\u00a0Rutas Patag\u00f3nicas\u00ae\u00a0para enriquecer tu \u00e1lbum.\u2705\u00a0C\u00f3digo QR\u00a0vinculado a tu red social, blog o plataforma favorita (\u00a1t\u00fa eliges!).\u2705\u00a0Flexibilidad de inicio: \u00a1Comienza el mes que prefieras!","robots":{"index":"index","follow":"follow","max-snippet":"max-snippet:-1","max-image-preview":"max-image-preview:large","max-video-preview":"max-video-preview:-1"},"canonical":"https:\/\/rutaspatagonicas.com\/advertising\/producto\/phototravel-patagonia-clasico\/","og_locale":"es_ES","og_type":"article","og_title":"PhotoTravel Patagonia Cl\u00e1sico | Rutas Patag\u00f3nicas","og_description":"\u2705\u00a0Banco de im\u00e1genes exclusivas\u00a0de\u00a0Rutas Patag\u00f3nicas\u00ae\u00a0para enriquecer tu \u00e1lbum.\u2705\u00a0C\u00f3digo QR\u00a0vinculado a tu red social, blog o plataforma favorita (\u00a1t\u00fa eliges!).\u2705\u00a0Flexibilidad de inicio: \u00a1Comienza el mes que prefieras!","og_url":"https:\/\/rutaspatagonicas.com\/advertising\/producto\/phototravel-patagonia-clasico\/","og_site_name":"Rutas Patag\u00f3nicas","article_publisher":"https:\/\/www.facebook.com\/rutaspatagonicas.travel\/","article_modified_time":"2025-05-13T15:38:46+00:00","og_image":[{"width":768,"height":768,"url":"https:\/\/mifoto.cl\/wp-content\/uploads\/2022\/12\/photobook-clasico-20x20-azul.png","type":"image\/png"}],"twitter_card":"summary_large_image","twitter_site":"@rutaspatagonica","schema":{"@context":"https:\/\/schema.org","@graph":[{"@type":"WebPage","@id":"https:\/\/rutaspatagonicas.com\/advertising\/producto\/phototravel-patagonia-clasico\/","url":"https:\/\/rutaspatagonicas.com\/advertising\/producto\/phototravel-patagonia-clasico\/","name":"PhotoTravel Patagonia Cl\u00e1sico | Rutas Patag\u00f3nicas","isPartOf":{"@id":"https:\/\/rutaspatagonicas.com.ar\/shop\/#website"},"primaryImageOfPage":{"@id":"https:\/\/rutaspatagonicas.com\/advertising\/producto\/phototravel-patagonia-clasico\/#primaryimage"},"image":{"@id":"https:\/\/rutaspatagonicas.com\/advertising\/producto\/phototravel-patagonia-clasico\/#primaryimage"},"thumbnailUrl":"https:\/\/mifoto.cl\/wp-content\/uploads\/2022\/12\/photobook-clasico-20x20-azul.png","datePublished":"2022-05-11T14:17:49+00:00","dateModified":"2025-05-13T15:38:46+00:00","description":"\u2705\u00a0Banco de im\u00e1genes exclusivas\u00a0de\u00a0Rutas Patag\u00f3nicas\u00ae\u00a0para enriquecer tu \u00e1lbum.\u2705\u00a0C\u00f3digo QR\u00a0vinculado a tu red social, blog o plataforma favorita (\u00a1t\u00fa eliges!).\u2705\u00a0Flexibilidad de inicio: \u00a1Comienza el mes que prefieras!","breadcrumb":{"@id":"https:\/\/rutaspatagonicas.com\/advertising\/producto\/phototravel-patagonia-clasico\/#breadcrumb"},"inLanguage":"es","potentialAction":[{"@type":"ReadAction","target":["https:\/\/rutaspatagonicas.com\/advertising\/producto\/phototravel-patagonia-clasico\/"]}]},{"@type":"ImageObject","inLanguage":"es","@id":"https:\/\/rutaspatagonicas.com\/advertising\/producto\/phototravel-patagonia-clasico\/#primaryimage","url":"https:\/\/mifoto.cl\/wp-content\/uploads\/2022\/12\/photobook-clasico-20x20-azul.png","contentUrl":"https:\/\/mifoto.cl\/wp-content\/uploads\/2022\/12\/photobook-clasico-20x20-azul.png","width":768,"height":768},{"@type":"BreadcrumbList","@id":"https:\/\/rutaspatagonicas.com\/advertising\/producto\/phototravel-patagonia-clasico\/#breadcrumb","itemListElement":[{"@type":"ListItem","position":1,"name":"Portada","item":"https:\/\/rutaspatagonicas.com.ar\/shop\/"},{"@type":"ListItem","position":2,"name":"Quiosco Patagonia","item":"https:\/\/rutaspatagonicas.com.ar\/shop\/shop\/"},{"@type":"ListItem","position":3,"name":"PhotoTravel Patagonia Cl\u00e1sico"}]},{"@type":"WebSite","@id":"https:\/\/rutaspatagonicas.com.ar\/shop\/#website","url":"https:\/\/rutaspatagonicas.com.ar\/shop\/","name":"Rutas Patag\u00f3nicas","description":"Quiosco Patagonia \/ Todo lo que necesitas para tu viaje a Patagonia","potentialAction":[{"@type":"SearchAction","target":{"@type":"EntryPoint","urlTemplate":"https:\/\/rutaspatagonicas.com.ar\/shop\/?s={search_term_string}"},"query-input":{"@type":"PropertyValueSpecification","valueRequired":true,"valueName":"search_term_string"}}],"inLanguage":"es"}]}},"publishpress_future_workflow_manual_trigger":{"enabledWorkflows":[]},"builder_content":"","_links":{"self":[{"href":"https:\/\/rutaspatagonicas.com\/advertising\/wp-json\/wp\/v2\/product\/9292","targetHints":{"allow":["GET"]}}],"collection":[{"href":"https:\/\/rutaspatagonicas.com\/advertising\/wp-json\/wp\/v2\/product"}],"about":[{"href":"https:\/\/rutaspatagonicas.com\/advertising\/wp-json\/wp\/v2\/types\/product"}],"replies":[{"embeddable":true,"href":"https:\/\/rutaspatagonicas.com\/advertising\/wp-json\/wp\/v2\/comments?post=9292"}],"wp:featuredmedia":[{"embeddable":true,"href":"https:\/\/rutaspatagonicas.com\/advertising\/wp-json\/wp\/v2\/media\/9632"}],"wp:attachment":[{"href":"https:\/\/rutaspatagonicas.com\/advertising\/wp-json\/wp\/v2\/media?parent=9292"}],"wp:term":[{"taxonomy":"product_brand","embeddable":true,"href":"https:\/\/rutaspatagonicas.com\/advertising\/wp-json\/wp\/v2\/product_brand?post=9292"},{"taxonomy":"product_cat","embeddable":true,"href":"https:\/\/rutaspatagonicas.com\/advertising\/wp-json\/wp\/v2\/product_cat?post=9292"},{"taxonomy":"product_tag","embeddable":true,"href":"https:\/\/rutaspatagonicas.com\/advertising\/wp-json\/wp\/v2\/product_tag?post=9292"}],"curies":[{"name":"wp","href":"https:\/\/api.w.org\/{rel}","templated":true}]}}