{"id":9433,"date":"2022-07-03T16:59:21","date_gmt":"2022-07-03T20:59:21","guid":{"rendered":"https:\/\/rutaspatagonicas.com.ar\/shop\/?post_type=product&#038;p=9433"},"modified":"2025-04-30T18:40:15","modified_gmt":"2025-04-30T22:40:15","slug":"calendario-capitan-haase-puerto-varas","status":"publish","type":"product","link":"https:\/\/rutaspatagonicas.com\/advertising\/producto\/calendario-capitan-haase-puerto-varas\/","title":{"rendered":"Calendario Base Madera Tributo al Capit\u00e1n Haase"},"content":{"rendered":"<p class=\"ds-markdown-paragraph\"><strong>\u00a1Vive la magia de la Patagonia todo el a\u00f1o con nuestro exclusivo Calendario de Escritorio Tributo al Capit\u00e1n Haase de Rutas Patag\u00f3nicas\u00ae!<\/strong><\/p>\n<p class=\"ds-markdown-paragraph\"><strong>Descubre la elegancia y la aventura<\/strong>\u00a0con nuestro calendario de base de madera, adornado con impresionantes fotograf\u00edas del majestuoso\u00a0<strong>Barco a Vela Capit\u00e1n Haase<\/strong>, una leyenda de <strong>Puerto Varas<\/strong>. Cada mes, una imagen exclusiva te transportar\u00e1 a las aguas cristalinas del Lago Llanquihue, rodeado de volcanes y paisajes inolvidables.<\/p>\n<p class=\"ds-markdown-paragraph\">\u2728\u00a0<strong>Caracter\u00edsticas exclusivas:<\/strong><br \/>\n\u2705\u00a0<strong>Base de madera premium<\/strong>: Dise\u00f1o robusto, simple, org\u00e1nico y elegante para realzar cualquier espacio.<br \/>\n\u2705\u00a0<strong>Fotograf\u00edas de alta calidad<\/strong>: Instant\u00e1neas \u00fanicas del Capit\u00e1n Haase y la belleza patag\u00f3nica.<br \/>\n\u2705\u00a0<strong>C\u00f3digo QR interactivo<\/strong>: Accede en tiempo real a informaci\u00f3n tur\u00edstica, ofertas y experiencias en la zona.<br \/>\n\u2705\u00a0<strong>Inicio flexible<\/strong>: Elige el mes de inicio que prefieras para comenzar a disfrutarlo. Siempre contar\u00e1s con tus 12 meses. No esperes a Enero para contar con un hermoso calendario exclusivo.<\/p>\n<p class=\"ds-markdown-paragraph\">Ideal para\u00a0<strong>amantes de los viajes, coleccionistas y admiradores de la Patagonia<\/strong>, este calendario no s\u00f3lo organiza tu tiempo, \u00a1sino que tambi\u00e9n inspira tu pr\u00f3ximo destino!<\/p>\n<p class=\"ds-markdown-paragraph\"><strong>Solicita el tuyo hoy y navega por la belleza nost\u00e1lgica de Puerto Varas d\u00eda a d\u00eda.<\/strong><\/p>\n<p class=\"ds-markdown-paragraph\">\u00a0<strong>Disponible s\u00f3lo en Rutas Patag\u00f3nicas\u00ae<\/strong>\u00a0 y Mercado Libre \u2013 \u00a1Edici\u00f3n limitada!<\/p>\n<p class=\"ds-markdown-paragraph\"><strong>#Capit\u00e1nHaase #PuertoVaras #RutasPatag\u00f3nicas #CalendarioExclusivo<\/strong><\/p>\n<p class=\"ds-markdown-paragraph\">\u00a0<strong>\u00a1Que cada d\u00eda te lleve a nuevas aventuras!<\/strong><\/p>\n<!--themify_builder_content-->\n<div id=\"themify_builder_content-9433\" data-postid=\"9433\" class=\"themify_builder_content themify_builder_content-9433 themify_builder tf_clear\">\n    <\/div>\n<!--\/themify_builder_content--><!-- AddThis Advanced Settings generic via filter on the_content --><!-- AddThis Share Buttons generic via filter on the_content -->","protected":false},"excerpt":{"rendered":"<p><strong>Descubre la elegancia y la aventura<\/strong>\u00a0con nuestro calendario de base de madera, adornado con impresionantes fotograf\u00edas del majestuoso\u00a0<strong>Barco a Vela Capit\u00e1n Haase<\/strong>, una leyenda de <strong>Puerto Varas<\/strong>. Cada mes, una imagen exclusiva te transportar\u00e1 a las aguas cristalinas del Lago Llanquihue, rodeado de volcanes y paisajes inolvidables.<\/p>\n<p><strong>Tipo de papel:\u00a0<\/strong>Couch\u00e9 opaco, 300 grs.<br \/>\n<strong>Tama\u00f1o l\u00e1minas:<\/strong>\u00a010,7\u00d713,8 cms.<br \/>\n<strong>Base:<\/strong>\u00a0Madera natural.<!-- AddThis Advanced Settings generic via filter on get_the_excerpt --><!-- AddThis Share Buttons generic via filter on get_the_excerpt --><\/p>\n","protected":false},"featured_media":9470,"comment_status":"open","ping_status":"closed","template":"","meta":{"content-type":""},"product_brand":[772],"product_cat":[49],"product_tag":[50,770,771,45,247],"class_list":{"0":"post-9433","1":"product","2":"type-product","3":"status-publish","4":"has-post-thumbnail","6":"product_brand-rutas-patagonicas","7":"product_cat-calendario","8":"product_tag-calendario","9":"product_tag-capitan","10":"product_tag-haase","11":"product_tag-patagonia","12":"product_tag-puerto-varas","13":"has-post-title","14":"has-post-date","15":"has-post-category","16":"has-post-tag","17":"has-post-comment","18":"has-post-author","19":"","21":"first","22":"instock","23":"taxable","24":"shipping-taxable","25":"purchasable","26":"product-type-simple"},"yoast_head":"<!-- This site is optimized with the Yoast SEO plugin v26.4 - https:\/\/yoast.com\/wordpress\/plugins\/seo\/ -->\n<title>Calendario Base Madera Tributo al Capit\u00e1n Haase | Rutas Patag\u00f3nicas<\/title>\n<meta name=\"description\" content=\"Accede en tiempo real a informaci\u00f3n tur\u00edstica. Elige el mes de inicio que prefieras para comenzar a disfrutarlo. No esperes a Enero para contar con el...\" \/>\n<meta name=\"robots\" content=\"index, follow, max-snippet:-1, max-image-preview:large, max-video-preview:-1\" \/>\n<link rel=\"canonical\" href=\"https:\/\/rutaspatagonicas.com\/advertising\/producto\/calendario-capitan-haase-puerto-varas\/\" \/>\n<meta property=\"og:locale\" content=\"es_ES\" \/>\n<meta property=\"og:type\" content=\"article\" \/>\n<meta property=\"og:title\" content=\"Calendario Base Madera Tributo al Capit\u00e1n Haase | Rutas Patag\u00f3nicas\" \/>\n<meta property=\"og:description\" content=\"Accede en tiempo real a informaci\u00f3n tur\u00edstica. Elige el mes de inicio que prefieras para comenzar a disfrutarlo. No esperes a Enero para contar con el...\" \/>\n<meta property=\"og:url\" content=\"https:\/\/rutaspatagonicas.com\/advertising\/producto\/calendario-capitan-haase-puerto-varas\/\" \/>\n<meta property=\"og:site_name\" content=\"Rutas Patag\u00f3nicas\" \/>\n<meta property=\"article:publisher\" content=\"https:\/\/www.facebook.com\/rutaspatagonicas.travel\/\" \/>\n<meta property=\"article:modified_time\" content=\"2025-04-30T22:40:15+00:00\" \/>\n<meta property=\"og:image\" content=\"https:\/\/live.staticflickr.com\/65535\/54475530976_afb10c1ff6_z.jpg\" \/>\n\t<meta property=\"og:image:width\" content=\"570\" \/>\n\t<meta property=\"og:image:height\" content=\"570\" \/>\n\t<meta property=\"og:image:type\" content=\"image\/jpeg\" \/>\n<meta name=\"twitter:card\" content=\"summary_large_image\" \/>\n<meta name=\"twitter:site\" content=\"@rutaspatagonica\" \/>\n<script type=\"application\/ld+json\" class=\"yoast-schema-graph\">{\"@context\":\"https:\/\/schema.org\",\"@graph\":[{\"@type\":\"WebPage\",\"@id\":\"https:\/\/rutaspatagonicas.com\/advertising\/producto\/calendario-capitan-haase-puerto-varas\/\",\"url\":\"https:\/\/rutaspatagonicas.com\/advertising\/producto\/calendario-capitan-haase-puerto-varas\/\",\"name\":\"Calendario Base Madera Tributo al Capit\u00e1n Haase | Rutas Patag\u00f3nicas\",\"isPartOf\":{\"@id\":\"https:\/\/rutaspatagonicas.com.ar\/shop\/#website\"},\"primaryImageOfPage\":{\"@id\":\"https:\/\/rutaspatagonicas.com\/advertising\/producto\/calendario-capitan-haase-puerto-varas\/#primaryimage\"},\"image\":{\"@id\":\"https:\/\/rutaspatagonicas.com\/advertising\/producto\/calendario-capitan-haase-puerto-varas\/#primaryimage\"},\"thumbnailUrl\":\"https:\/\/live.staticflickr.com\/65535\/54475530976_afb10c1ff6_z.jpg\",\"datePublished\":\"2022-07-03T20:59:21+00:00\",\"dateModified\":\"2025-04-30T22:40:15+00:00\",\"description\":\"Accede en tiempo real a informaci\u00f3n tur\u00edstica. Elige el mes de inicio que prefieras para comenzar a disfrutarlo. No esperes a Enero para contar con el...\",\"breadcrumb\":{\"@id\":\"https:\/\/rutaspatagonicas.com\/advertising\/producto\/calendario-capitan-haase-puerto-varas\/#breadcrumb\"},\"inLanguage\":\"es\",\"potentialAction\":[{\"@type\":\"ReadAction\",\"target\":[\"https:\/\/rutaspatagonicas.com\/advertising\/producto\/calendario-capitan-haase-puerto-varas\/\"]}]},{\"@type\":\"ImageObject\",\"inLanguage\":\"es\",\"@id\":\"https:\/\/rutaspatagonicas.com\/advertising\/producto\/calendario-capitan-haase-puerto-varas\/#primaryimage\",\"url\":\"https:\/\/live.staticflickr.com\/65535\/54475530976_afb10c1ff6_z.jpg\",\"contentUrl\":\"https:\/\/live.staticflickr.com\/65535\/54475530976_afb10c1ff6_z.jpg\",\"width\":570,\"height\":570},{\"@type\":\"BreadcrumbList\",\"@id\":\"https:\/\/rutaspatagonicas.com\/advertising\/producto\/calendario-capitan-haase-puerto-varas\/#breadcrumb\",\"itemListElement\":[{\"@type\":\"ListItem\",\"position\":1,\"name\":\"Portada\",\"item\":\"https:\/\/rutaspatagonicas.com.ar\/shop\/\"},{\"@type\":\"ListItem\",\"position\":2,\"name\":\"Quiosco Patagonia\",\"item\":\"https:\/\/rutaspatagonicas.com.ar\/shop\/shop\/\"},{\"@type\":\"ListItem\",\"position\":3,\"name\":\"Calendario Base Madera Tributo al Capit\u00e1n Haase\"}]},{\"@type\":\"WebSite\",\"@id\":\"https:\/\/rutaspatagonicas.com.ar\/shop\/#website\",\"url\":\"https:\/\/rutaspatagonicas.com.ar\/shop\/\",\"name\":\"Rutas Patag\u00f3nicas\",\"description\":\"Quiosco Patagonia \/ Todo lo que necesitas para tu viaje a Patagonia\",\"potentialAction\":[{\"@type\":\"SearchAction\",\"target\":{\"@type\":\"EntryPoint\",\"urlTemplate\":\"https:\/\/rutaspatagonicas.com.ar\/shop\/?s={search_term_string}\"},\"query-input\":{\"@type\":\"PropertyValueSpecification\",\"valueRequired\":true,\"valueName\":\"search_term_string\"}}],\"inLanguage\":\"es\"}]}<\/script>\n<!-- \/ Yoast SEO plugin. -->","yoast_head_json":{"title":"Calendario Base Madera Tributo al Capit\u00e1n Haase | Rutas Patag\u00f3nicas","description":"Accede en tiempo real a informaci\u00f3n tur\u00edstica. Elige el mes de inicio que prefieras para comenzar a disfrutarlo. No esperes a Enero para contar con el...","robots":{"index":"index","follow":"follow","max-snippet":"max-snippet:-1","max-image-preview":"max-image-preview:large","max-video-preview":"max-video-preview:-1"},"canonical":"https:\/\/rutaspatagonicas.com\/advertising\/producto\/calendario-capitan-haase-puerto-varas\/","og_locale":"es_ES","og_type":"article","og_title":"Calendario Base Madera Tributo al Capit\u00e1n Haase | Rutas Patag\u00f3nicas","og_description":"Accede en tiempo real a informaci\u00f3n tur\u00edstica. Elige el mes de inicio que prefieras para comenzar a disfrutarlo. No esperes a Enero para contar con el...","og_url":"https:\/\/rutaspatagonicas.com\/advertising\/producto\/calendario-capitan-haase-puerto-varas\/","og_site_name":"Rutas Patag\u00f3nicas","article_publisher":"https:\/\/www.facebook.com\/rutaspatagonicas.travel\/","article_modified_time":"2025-04-30T22:40:15+00:00","og_image":[{"width":570,"height":570,"url":"https:\/\/live.staticflickr.com\/65535\/54475530976_afb10c1ff6_z.jpg","type":"image\/jpeg"}],"twitter_card":"summary_large_image","twitter_site":"@rutaspatagonica","schema":{"@context":"https:\/\/schema.org","@graph":[{"@type":"WebPage","@id":"https:\/\/rutaspatagonicas.com\/advertising\/producto\/calendario-capitan-haase-puerto-varas\/","url":"https:\/\/rutaspatagonicas.com\/advertising\/producto\/calendario-capitan-haase-puerto-varas\/","name":"Calendario Base Madera Tributo al Capit\u00e1n Haase | Rutas Patag\u00f3nicas","isPartOf":{"@id":"https:\/\/rutaspatagonicas.com.ar\/shop\/#website"},"primaryImageOfPage":{"@id":"https:\/\/rutaspatagonicas.com\/advertising\/producto\/calendario-capitan-haase-puerto-varas\/#primaryimage"},"image":{"@id":"https:\/\/rutaspatagonicas.com\/advertising\/producto\/calendario-capitan-haase-puerto-varas\/#primaryimage"},"thumbnailUrl":"https:\/\/live.staticflickr.com\/65535\/54475530976_afb10c1ff6_z.jpg","datePublished":"2022-07-03T20:59:21+00:00","dateModified":"2025-04-30T22:40:15+00:00","description":"Accede en tiempo real a informaci\u00f3n tur\u00edstica. Elige el mes de inicio que prefieras para comenzar a disfrutarlo. No esperes a Enero para contar con el...","breadcrumb":{"@id":"https:\/\/rutaspatagonicas.com\/advertising\/producto\/calendario-capitan-haase-puerto-varas\/#breadcrumb"},"inLanguage":"es","potentialAction":[{"@type":"ReadAction","target":["https:\/\/rutaspatagonicas.com\/advertising\/producto\/calendario-capitan-haase-puerto-varas\/"]}]},{"@type":"ImageObject","inLanguage":"es","@id":"https:\/\/rutaspatagonicas.com\/advertising\/producto\/calendario-capitan-haase-puerto-varas\/#primaryimage","url":"https:\/\/live.staticflickr.com\/65535\/54475530976_afb10c1ff6_z.jpg","contentUrl":"https:\/\/live.staticflickr.com\/65535\/54475530976_afb10c1ff6_z.jpg","width":570,"height":570},{"@type":"BreadcrumbList","@id":"https:\/\/rutaspatagonicas.com\/advertising\/producto\/calendario-capitan-haase-puerto-varas\/#breadcrumb","itemListElement":[{"@type":"ListItem","position":1,"name":"Portada","item":"https:\/\/rutaspatagonicas.com.ar\/shop\/"},{"@type":"ListItem","position":2,"name":"Quiosco Patagonia","item":"https:\/\/rutaspatagonicas.com.ar\/shop\/shop\/"},{"@type":"ListItem","position":3,"name":"Calendario Base Madera Tributo al Capit\u00e1n Haase"}]},{"@type":"WebSite","@id":"https:\/\/rutaspatagonicas.com.ar\/shop\/#website","url":"https:\/\/rutaspatagonicas.com.ar\/shop\/","name":"Rutas Patag\u00f3nicas","description":"Quiosco Patagonia \/ Todo lo que necesitas para tu viaje a Patagonia","potentialAction":[{"@type":"SearchAction","target":{"@type":"EntryPoint","urlTemplate":"https:\/\/rutaspatagonicas.com.ar\/shop\/?s={search_term_string}"},"query-input":{"@type":"PropertyValueSpecification","valueRequired":true,"valueName":"search_term_string"}}],"inLanguage":"es"}]}},"publishpress_future_workflow_manual_trigger":{"enabledWorkflows":[]},"builder_content":"","_links":{"self":[{"href":"https:\/\/rutaspatagonicas.com\/advertising\/wp-json\/wp\/v2\/product\/9433","targetHints":{"allow":["GET"]}}],"collection":[{"href":"https:\/\/rutaspatagonicas.com\/advertising\/wp-json\/wp\/v2\/product"}],"about":[{"href":"https:\/\/rutaspatagonicas.com\/advertising\/wp-json\/wp\/v2\/types\/product"}],"replies":[{"embeddable":true,"href":"https:\/\/rutaspatagonicas.com\/advertising\/wp-json\/wp\/v2\/comments?post=9433"}],"wp:featuredmedia":[{"embeddable":true,"href":"https:\/\/rutaspatagonicas.com\/advertising\/wp-json\/wp\/v2\/media\/9470"}],"wp:attachment":[{"href":"https:\/\/rutaspatagonicas.com\/advertising\/wp-json\/wp\/v2\/media?parent=9433"}],"wp:term":[{"taxonomy":"product_brand","embeddable":true,"href":"https:\/\/rutaspatagonicas.com\/advertising\/wp-json\/wp\/v2\/product_brand?post=9433"},{"taxonomy":"product_cat","embeddable":true,"href":"https:\/\/rutaspatagonicas.com\/advertising\/wp-json\/wp\/v2\/product_cat?post=9433"},{"taxonomy":"product_tag","embeddable":true,"href":"https:\/\/rutaspatagonicas.com\/advertising\/wp-json\/wp\/v2\/product_tag?post=9433"}],"curies":[{"name":"wp","href":"https:\/\/api.w.org\/{rel}","templated":true}]}}