{"id":9578,"date":"2025-05-07T14:04:39","date_gmt":"2025-05-07T18:04:39","guid":{"rendered":"https:\/\/rutaspatagonicas.com\/advertising\/?post_type=product&#038;p=9578"},"modified":"2025-05-07T14:09:55","modified_gmt":"2025-05-07T18:09:55","slug":"calendario-pared-grande-ruta-de-los-troperos","status":"publish","type":"product","link":"https:\/\/rutaspatagonicas.com\/advertising\/producto\/calendario-pared-grande-ruta-de-los-troperos\/","title":{"rendered":"Calendario Pared Grande Ruta de los Troperos"},"content":{"rendered":"<p class=\"ds-markdown-paragraph\"><strong>\u00a1Descubre la aventura con el\u00a0<em>Calendario Pared Grande Ruta de los Troperos<\/em>!<\/strong><\/p>\n<p class=\"ds-markdown-paragraph\">Cada d\u00eda es una nueva oportunidad para explorar los paisajes m\u00e1s aut\u00e9nticos y fascinantes de la\u00a0<strong>Ruta de los Troperos<\/strong>. Con nuestro calendario de pared grande, no solo organizar\u00e1s tu tiempo, \u00a1vivir\u00e1s una experiencia visual \u00fanica mes a mes!<\/p>\n<p class=\"ds-markdown-paragraph\">\u00a0<strong>\u00bfPor qu\u00e9 elegirlo?<\/strong><br \/>\n\u2705\u00a0<strong>Fotograf\u00edas exclusivas de alta calidad<\/strong>: Im\u00e1genes impactantes que capturan la esencia de la ruta.<br \/>\n\u2705\u00a0<strong>Excelente impresi\u00f3n<\/strong>: Colores vibrantes y detalles n\u00edtidos para disfrutar todo el a\u00f1o.<br \/>\n\u2705\u00a0<strong>Dos formatos verticales<\/strong>: Elige el que mejor se adapte a tu espacio.<br \/>\n\u2705\u00a0<strong>Personalizable<\/strong>: \u00a1T\u00fa decides en qu\u00e9 mes comenzar! Ideal para regalar en cualquier \u00e9poca del a\u00f1o.<br \/>\n\u2705\u00a0<strong>Innovador QR interactivo<\/strong>: Escanea y accede a\u00a0<strong>informaci\u00f3n tur\u00edstica en tiempo real<\/strong>\u2014rutas, clima, eventos y m\u00e1s.<\/p>\n<p class=\"ds-markdown-paragraph\">Perfecto para\u00a0<strong>viajeros, amantes de la naturaleza, coleccionistas y nostalgicos de los caminos troperos<\/strong>. \u00a1Una pieza indispensable para tu hogar u oficina!<\/p>\n<p class=\"ds-markdown-paragraph\">\u00a0<strong>\u00a1No esperes m\u00e1s!<\/strong>\u00a0Lleva un pedazo de la historia y la belleza de la Ruta de los Troperos a tu pared.\u00a0<strong>\u00a1Compra el tuyo hoy mismo!<\/strong><\/p>\n<p class=\"ds-markdown-paragraph\">Disponible en nuestra tienda online y puntos de venta autorizados.<br \/>\nEnv\u00edos a todo el pa\u00eds.<\/p>\n<p class=\"ds-markdown-paragraph\"><strong>#RutaDeLosTroperos #Calendario #AventuraSinL\u00edmites<\/strong><\/p>\n<!--themify_builder_content-->\n<div id=\"themify_builder_content-9578\" data-postid=\"9578\" class=\"themify_builder_content themify_builder_content-9578 themify_builder tf_clear\">\n    <\/div>\n<!--\/themify_builder_content-->\n<!-- AddThis Advanced Settings generic via filter on the_content --><!-- AddThis Share Buttons generic via filter on the_content -->","protected":false},"excerpt":{"rendered":"<p class=\"ds-markdown-paragraph\"><strong>\u00a1Descubre la aventura con el\u00a0<em>Calendario Pared Grande Ruta de los Troperos<\/em>!<\/strong><\/p>\n<p class=\"ds-markdown-paragraph\">Cada d\u00eda es una nueva oportunidad para explorar los paisajes m\u00e1s aut\u00e9nticos y fascinantes de la\u00a0<strong>Ruta de los Troperos<\/strong>. Con nuestro calendario de pared grande, no solo organizar\u00e1s tu tiempo, \u00a1vivir\u00e1s una experiencia visual \u00fanica mes a mes!<\/p>\n<p>&nbsp;<\/p>\n<ul>\n<li>Tama\u00f1o: 45 x 23 cms.<\/li>\n<li>Formato: Horizontal.<\/li>\n<li class=\"p1\">Tipo de papel: Couch\u00e9 opaco, 300 grs.<\/li>\n<li>Anillado: Met\u00e1lico doble cero 1\/4.<\/li>\n<\/ul>\n<p><!-- AddThis Advanced Settings generic via filter on get_the_excerpt --><!-- AddThis Share Buttons generic via filter on get_the_excerpt --><\/p>\n","protected":false},"featured_media":9579,"comment_status":"open","ping_status":"closed","template":"","meta":{"content-type":""},"product_brand":[772],"product_cat":[49],"product_tag":[50,776,779,54,785],"class_list":{"0":"post-9578","1":"product","2":"type-product","3":"status-publish","4":"has-post-thumbnail","6":"product_brand-rutas-patagonicas","7":"product_cat-calendario","8":"product_tag-calendario","9":"product_tag-grande","10":"product_tag-horizontal","11":"product_tag-pared","12":"product_tag-paso-de-los-troperos","13":"has-post-title","14":"has-post-date","15":"has-post-category","16":"has-post-tag","17":"has-post-comment","18":"has-post-author","19":"","21":"first","22":"instock","23":"taxable","24":"shipping-taxable","25":"purchasable","26":"product-type-simple"},"yoast_head":"<!-- This site is optimized with the Yoast SEO plugin v26.4 - https:\/\/yoast.com\/wordpress\/plugins\/seo\/ -->\n<title>Calendario Pared Grande Ruta de los Troperos | Rutas Patag\u00f3nicas<\/title>\n<meta name=\"description\" content=\"\u00a1Descubre la aventura con el\u00a0Calendario Pared Grande Ruta de los Troperos!Cada d\u00eda es una nueva oportunidad para explorar los paisajes\" \/>\n<meta name=\"robots\" content=\"index, follow, max-snippet:-1, max-image-preview:large, max-video-preview:-1\" \/>\n<link rel=\"canonical\" href=\"https:\/\/rutaspatagonicas.com\/advertising\/producto\/calendario-pared-grande-ruta-de-los-troperos\/\" \/>\n<meta property=\"og:locale\" content=\"es_ES\" \/>\n<meta property=\"og:type\" content=\"article\" \/>\n<meta property=\"og:title\" content=\"Calendario Pared Grande Ruta de los Troperos | Rutas Patag\u00f3nicas\" \/>\n<meta property=\"og:description\" content=\"\u00a1Descubre la aventura con el\u00a0Calendario Pared Grande Ruta de los Troperos!Cada d\u00eda es una nueva oportunidad para explorar los paisajes\" \/>\n<meta property=\"og:url\" content=\"https:\/\/rutaspatagonicas.com\/advertising\/producto\/calendario-pared-grande-ruta-de-los-troperos\/\" \/>\n<meta property=\"og:site_name\" content=\"Rutas Patag\u00f3nicas\" \/>\n<meta property=\"article:publisher\" content=\"https:\/\/www.facebook.com\/rutaspatagonicas.travel\/\" \/>\n<meta property=\"article:modified_time\" content=\"2025-05-07T18:09:55+00:00\" \/>\n<meta property=\"og:image\" content=\"https:\/\/live.staticflickr.com\/65535\/54503982203_633865fcec_c.jpg\" \/>\n\t<meta property=\"og:image:width\" content=\"800\" \/>\n\t<meta property=\"og:image:height\" content=\"319\" \/>\n\t<meta property=\"og:image:type\" content=\"image\/jpeg\" \/>\n<meta name=\"twitter:card\" content=\"summary_large_image\" \/>\n<meta name=\"twitter:site\" content=\"@rutaspatagonica\" \/>\n<script type=\"application\/ld+json\" class=\"yoast-schema-graph\">{\"@context\":\"https:\/\/schema.org\",\"@graph\":[{\"@type\":\"WebPage\",\"@id\":\"https:\/\/rutaspatagonicas.com\/advertising\/producto\/calendario-pared-grande-ruta-de-los-troperos\/\",\"url\":\"https:\/\/rutaspatagonicas.com\/advertising\/producto\/calendario-pared-grande-ruta-de-los-troperos\/\",\"name\":\"Calendario Pared Grande Ruta de los Troperos | Rutas Patag\u00f3nicas\",\"isPartOf\":{\"@id\":\"https:\/\/rutaspatagonicas.com.ar\/shop\/#website\"},\"primaryImageOfPage\":{\"@id\":\"https:\/\/rutaspatagonicas.com\/advertising\/producto\/calendario-pared-grande-ruta-de-los-troperos\/#primaryimage\"},\"image\":{\"@id\":\"https:\/\/rutaspatagonicas.com\/advertising\/producto\/calendario-pared-grande-ruta-de-los-troperos\/#primaryimage\"},\"thumbnailUrl\":\"https:\/\/live.staticflickr.com\/65535\/54503982203_633865fcec_c.jpg\",\"datePublished\":\"2025-05-07T18:04:39+00:00\",\"dateModified\":\"2025-05-07T18:09:55+00:00\",\"description\":\"\u00a1Descubre la aventura con el\u00a0Calendario Pared Grande Ruta de los Troperos!Cada d\u00eda es una nueva oportunidad para explorar los paisajes\",\"breadcrumb\":{\"@id\":\"https:\/\/rutaspatagonicas.com\/advertising\/producto\/calendario-pared-grande-ruta-de-los-troperos\/#breadcrumb\"},\"inLanguage\":\"es\",\"potentialAction\":[{\"@type\":\"ReadAction\",\"target\":[\"https:\/\/rutaspatagonicas.com\/advertising\/producto\/calendario-pared-grande-ruta-de-los-troperos\/\"]}]},{\"@type\":\"ImageObject\",\"inLanguage\":\"es\",\"@id\":\"https:\/\/rutaspatagonicas.com\/advertising\/producto\/calendario-pared-grande-ruta-de-los-troperos\/#primaryimage\",\"url\":\"https:\/\/live.staticflickr.com\/65535\/54503982203_633865fcec_c.jpg\",\"contentUrl\":\"https:\/\/live.staticflickr.com\/65535\/54503982203_633865fcec_c.jpg\",\"width\":800,\"height\":319},{\"@type\":\"BreadcrumbList\",\"@id\":\"https:\/\/rutaspatagonicas.com\/advertising\/producto\/calendario-pared-grande-ruta-de-los-troperos\/#breadcrumb\",\"itemListElement\":[{\"@type\":\"ListItem\",\"position\":1,\"name\":\"Portada\",\"item\":\"https:\/\/rutaspatagonicas.com.ar\/shop\/\"},{\"@type\":\"ListItem\",\"position\":2,\"name\":\"Quiosco Patagonia\",\"item\":\"https:\/\/rutaspatagonicas.com.ar\/shop\/shop\/\"},{\"@type\":\"ListItem\",\"position\":3,\"name\":\"Calendario Pared Grande Ruta de los Troperos\"}]},{\"@type\":\"WebSite\",\"@id\":\"https:\/\/rutaspatagonicas.com.ar\/shop\/#website\",\"url\":\"https:\/\/rutaspatagonicas.com.ar\/shop\/\",\"name\":\"Rutas Patag\u00f3nicas\",\"description\":\"Quiosco Patagonia \/ Todo lo que necesitas para tu viaje a Patagonia\",\"potentialAction\":[{\"@type\":\"SearchAction\",\"target\":{\"@type\":\"EntryPoint\",\"urlTemplate\":\"https:\/\/rutaspatagonicas.com.ar\/shop\/?s={search_term_string}\"},\"query-input\":{\"@type\":\"PropertyValueSpecification\",\"valueRequired\":true,\"valueName\":\"search_term_string\"}}],\"inLanguage\":\"es\"}]}<\/script>\n<!-- \/ Yoast SEO plugin. -->","yoast_head_json":{"title":"Calendario Pared Grande Ruta de los Troperos | Rutas Patag\u00f3nicas","description":"\u00a1Descubre la aventura con el\u00a0Calendario Pared Grande Ruta de los Troperos!Cada d\u00eda es una nueva oportunidad para explorar los paisajes","robots":{"index":"index","follow":"follow","max-snippet":"max-snippet:-1","max-image-preview":"max-image-preview:large","max-video-preview":"max-video-preview:-1"},"canonical":"https:\/\/rutaspatagonicas.com\/advertising\/producto\/calendario-pared-grande-ruta-de-los-troperos\/","og_locale":"es_ES","og_type":"article","og_title":"Calendario Pared Grande Ruta de los Troperos | Rutas Patag\u00f3nicas","og_description":"\u00a1Descubre la aventura con el\u00a0Calendario Pared Grande Ruta de los Troperos!Cada d\u00eda es una nueva oportunidad para explorar los paisajes","og_url":"https:\/\/rutaspatagonicas.com\/advertising\/producto\/calendario-pared-grande-ruta-de-los-troperos\/","og_site_name":"Rutas Patag\u00f3nicas","article_publisher":"https:\/\/www.facebook.com\/rutaspatagonicas.travel\/","article_modified_time":"2025-05-07T18:09:55+00:00","og_image":[{"width":800,"height":319,"url":"https:\/\/live.staticflickr.com\/65535\/54503982203_633865fcec_c.jpg","type":"image\/jpeg"}],"twitter_card":"summary_large_image","twitter_site":"@rutaspatagonica","schema":{"@context":"https:\/\/schema.org","@graph":[{"@type":"WebPage","@id":"https:\/\/rutaspatagonicas.com\/advertising\/producto\/calendario-pared-grande-ruta-de-los-troperos\/","url":"https:\/\/rutaspatagonicas.com\/advertising\/producto\/calendario-pared-grande-ruta-de-los-troperos\/","name":"Calendario Pared Grande Ruta de los Troperos | Rutas Patag\u00f3nicas","isPartOf":{"@id":"https:\/\/rutaspatagonicas.com.ar\/shop\/#website"},"primaryImageOfPage":{"@id":"https:\/\/rutaspatagonicas.com\/advertising\/producto\/calendario-pared-grande-ruta-de-los-troperos\/#primaryimage"},"image":{"@id":"https:\/\/rutaspatagonicas.com\/advertising\/producto\/calendario-pared-grande-ruta-de-los-troperos\/#primaryimage"},"thumbnailUrl":"https:\/\/live.staticflickr.com\/65535\/54503982203_633865fcec_c.jpg","datePublished":"2025-05-07T18:04:39+00:00","dateModified":"2025-05-07T18:09:55+00:00","description":"\u00a1Descubre la aventura con el\u00a0Calendario Pared Grande Ruta de los Troperos!Cada d\u00eda es una nueva oportunidad para explorar los paisajes","breadcrumb":{"@id":"https:\/\/rutaspatagonicas.com\/advertising\/producto\/calendario-pared-grande-ruta-de-los-troperos\/#breadcrumb"},"inLanguage":"es","potentialAction":[{"@type":"ReadAction","target":["https:\/\/rutaspatagonicas.com\/advertising\/producto\/calendario-pared-grande-ruta-de-los-troperos\/"]}]},{"@type":"ImageObject","inLanguage":"es","@id":"https:\/\/rutaspatagonicas.com\/advertising\/producto\/calendario-pared-grande-ruta-de-los-troperos\/#primaryimage","url":"https:\/\/live.staticflickr.com\/65535\/54503982203_633865fcec_c.jpg","contentUrl":"https:\/\/live.staticflickr.com\/65535\/54503982203_633865fcec_c.jpg","width":800,"height":319},{"@type":"BreadcrumbList","@id":"https:\/\/rutaspatagonicas.com\/advertising\/producto\/calendario-pared-grande-ruta-de-los-troperos\/#breadcrumb","itemListElement":[{"@type":"ListItem","position":1,"name":"Portada","item":"https:\/\/rutaspatagonicas.com.ar\/shop\/"},{"@type":"ListItem","position":2,"name":"Quiosco Patagonia","item":"https:\/\/rutaspatagonicas.com.ar\/shop\/shop\/"},{"@type":"ListItem","position":3,"name":"Calendario Pared Grande Ruta de los Troperos"}]},{"@type":"WebSite","@id":"https:\/\/rutaspatagonicas.com.ar\/shop\/#website","url":"https:\/\/rutaspatagonicas.com.ar\/shop\/","name":"Rutas Patag\u00f3nicas","description":"Quiosco Patagonia \/ Todo lo que necesitas para tu viaje a Patagonia","potentialAction":[{"@type":"SearchAction","target":{"@type":"EntryPoint","urlTemplate":"https:\/\/rutaspatagonicas.com.ar\/shop\/?s={search_term_string}"},"query-input":{"@type":"PropertyValueSpecification","valueRequired":true,"valueName":"search_term_string"}}],"inLanguage":"es"}]}},"publishpress_future_workflow_manual_trigger":{"enabledWorkflows":[]},"builder_content":"","_links":{"self":[{"href":"https:\/\/rutaspatagonicas.com\/advertising\/wp-json\/wp\/v2\/product\/9578","targetHints":{"allow":["GET"]}}],"collection":[{"href":"https:\/\/rutaspatagonicas.com\/advertising\/wp-json\/wp\/v2\/product"}],"about":[{"href":"https:\/\/rutaspatagonicas.com\/advertising\/wp-json\/wp\/v2\/types\/product"}],"replies":[{"embeddable":true,"href":"https:\/\/rutaspatagonicas.com\/advertising\/wp-json\/wp\/v2\/comments?post=9578"}],"wp:featuredmedia":[{"embeddable":true,"href":"https:\/\/rutaspatagonicas.com\/advertising\/wp-json\/wp\/v2\/media\/9579"}],"wp:attachment":[{"href":"https:\/\/rutaspatagonicas.com\/advertising\/wp-json\/wp\/v2\/media?parent=9578"}],"wp:term":[{"taxonomy":"product_brand","embeddable":true,"href":"https:\/\/rutaspatagonicas.com\/advertising\/wp-json\/wp\/v2\/product_brand?post=9578"},{"taxonomy":"product_cat","embeddable":true,"href":"https:\/\/rutaspatagonicas.com\/advertising\/wp-json\/wp\/v2\/product_cat?post=9578"},{"taxonomy":"product_tag","embeddable":true,"href":"https:\/\/rutaspatagonicas.com\/advertising\/wp-json\/wp\/v2\/product_tag?post=9578"}],"curies":[{"name":"wp","href":"https:\/\/api.w.org\/{rel}","templated":true}]}}