{"id":9613,"date":"2025-05-12T11:38:46","date_gmt":"2025-05-12T15:38:46","guid":{"rendered":"https:\/\/rutaspatagonicas.com\/advertising\/?post_type=product&#038;p=9613"},"modified":"2025-05-12T11:41:09","modified_gmt":"2025-05-12T15:41:09","slug":"calendario-poster-patagonia","status":"publish","type":"product","link":"https:\/\/rutaspatagonicas.com\/advertising\/producto\/calendario-poster-patagonia\/","title":{"rendered":"Calendario Poster Patagonia 2025"},"content":{"rendered":"<p class=\"ds-markdown-paragraph\"><strong><img decoding=\"async\" class=\"emoji\" role=\"img\" draggable=\"false\" src=\"https:\/\/s.w.org\/images\/core\/emoji\/15.1.0\/svg\/2728.svg\" alt=\"\u2728\" \/>\u00a0\u00a1Vive, Registra y Revive tu Aventura con el\u00a0<em>Calendario Poster Patagonia Vertical 2025<\/em>!\u00a0<img decoding=\"async\" class=\"emoji\" role=\"img\" draggable=\"false\" src=\"https:\/\/s.w.org\/images\/core\/emoji\/15.1.0\/svg\/2728.svg\" alt=\"\u2728\" \/><\/strong><\/p>\n<p class=\"ds-markdown-paragraph\"><strong>\u00bfListo para transformar tus mejores momentos patag\u00f3nicos en una obra de arte?<\/strong>\u00a0Con nuestro\u00a0<em>Calendario Poster Patagonia Vertical 2025<\/em>, no s\u00f3lo organizar\u00e1s tu a\u00f1o, sino que\u00a0<strong>guardar\u00e1s para siempre los recuerdos de tu viaje<\/strong>\u00a0en un dise\u00f1o \u00fanico y personalizado.<\/p>\n<h3>\u00a0<strong>\u00bfPor qu\u00e9 elegirlo?<\/strong><\/h3>\n<p class=\"ds-markdown-paragraph\"><img decoding=\"async\" class=\"emoji\" role=\"img\" draggable=\"false\" src=\"https:\/\/s.w.org\/images\/core\/emoji\/15.1.0\/svg\/2705.svg\" alt=\"\u2705\" \/>\u00a0<strong>Espacio para tus fotos:<\/strong>\u00a0Incorpora las im\u00e1genes m\u00e1s \u00e9picas de tu traves\u00eda en un poster-calendario de alta calidad.<br \/>\n<img decoding=\"async\" class=\"emoji\" role=\"img\" draggable=\"false\" src=\"https:\/\/s.w.org\/images\/core\/emoji\/15.1.0\/svg\/2705.svg\" alt=\"\u2705\" \/>\u00a0<strong>Banco de im\u00e1genes exclusivas:<\/strong>\u00a0\u00bfTe faltan fotos? Accede a nuestro archivo premium de\u00a0<em>Rutas Patag\u00f3nicas\u00ae<\/em>\u00a0con paisajes impactantes.<br \/>\n<img decoding=\"async\" class=\"emoji\" role=\"img\" draggable=\"false\" src=\"https:\/\/s.w.org\/images\/core\/emoji\/15.1.0\/svg\/2705.svg\" alt=\"\u2705\" \/>\u00a0<strong>Asesor\u00eda creativa:<\/strong>\u00a0Te ayudamos a dise\u00f1ar un calendario que cuente\u00a0<em>tu historia<\/em>.<br \/>\n<img decoding=\"async\" class=\"emoji\" role=\"img\" draggable=\"false\" src=\"https:\/\/s.w.org\/images\/core\/emoji\/15.1.0\/svg\/2705.svg\" alt=\"\u2705\" \/>\u00a0<strong>Vertical y funcional:<\/strong>\u00a0Perfecto para colgar en tu hogar, oficina o regalar a quien amas la Patagonia tanto como t\u00fa.<\/p>\n<p><img decoding=\"async\" class=\"emoji\" role=\"img\" draggable=\"false\" src=\"https:\/\/s.w.org\/images\/core\/emoji\/15.1.0\/svg\/2705.svg\" alt=\"\u2705\" \/>\u00a0<strong>C\u00f3digo QR: Redir\u00edgelo a tu blog o red social favorita.<\/strong><\/p>\n<p class=\"ds-markdown-paragraph\"><strong>\u00a1No dejes que tus aventuras se queden en el tel\u00e9fono!<\/strong>\u00a0Convierte tus recuerdos en una pieza inspiradora que te acompa\u00f1e todo el 2025.<\/p>\n<p class=\"ds-markdown-paragraph\">\u00a0<strong>Ordena el tuyo ahora y viaja una y otra vez con solo mirar la pared.<\/strong><\/p>\n<p class=\"ds-markdown-paragraph\">#PatagoniaEnUnPoster #CalendarioDeAventuras #RutasPatag\u00f3nicas<\/p>\n<!--themify_builder_content-->\n<div id=\"themify_builder_content-9613\" data-postid=\"9613\" class=\"themify_builder_content themify_builder_content-9613 themify_builder tf_clear\">\n    <\/div>\n<!--\/themify_builder_content-->\n<!-- AddThis Advanced Settings generic via filter on the_content --><!-- AddThis Share Buttons generic via filter on the_content -->","protected":false},"excerpt":{"rendered":"<p><strong>\u00bfListo para transformar tus mejores momentos patag\u00f3nicos en una obra de arte?<\/strong>\u00a0Con nuestro\u00a0<em>Calendario Poster Patagonia Vertical 2025<\/em>, no s\u00f3lo organizar\u00e1s tu a\u00f1o, sino que\u00a0<strong>guardar\u00e1s para siempre los recuerdos de tu viaje<\/strong>\u00a0en un dise\u00f1o \u00fanico y personalizado.<!-- AddThis Advanced Settings generic via filter on get_the_excerpt --><!-- AddThis Share Buttons generic via filter on get_the_excerpt --><\/p>\n","protected":false},"featured_media":9599,"comment_status":"open","ping_status":"closed","template":"","meta":{"content-type":""},"product_brand":[772],"product_cat":[49,767,442],"product_tag":[50,45,789,783],"class_list":{"0":"post-9613","1":"product","2":"type-product","3":"status-publish","4":"has-post-thumbnail","6":"product_brand-rutas-patagonicas","7":"product_cat-calendario","8":"product_cat-falabella","9":"product_cat-hombre","10":"product_tag-calendario","11":"product_tag-patagonia","12":"product_tag-personalizado","13":"product_tag-poster","14":"has-post-title","15":"has-post-date","16":"has-post-category","17":"has-post-tag","18":"has-post-comment","19":"has-post-author","20":"","22":"first","23":"instock","24":"taxable","25":"shipping-taxable","26":"purchasable","27":"product-type-variable"},"yoast_head":"<!-- This site is optimized with the Yoast SEO plugin v26.4 - https:\/\/yoast.com\/wordpress\/plugins\/seo\/ -->\n<title>Calendario Poster Patagonia 2025 | Rutas Patag\u00f3nicas<\/title>\n<meta name=\"description\" content=\"Imagina tener frente a ti, cada d\u00eda, los paisajes m\u00e1s aut\u00e9nticos y fascinantes de la legendaria\u00a0Ruta de los Troperos. Con fotograf\u00edas exclusivas en\u00a0\" \/>\n<meta name=\"robots\" content=\"index, follow, max-snippet:-1, max-image-preview:large, max-video-preview:-1\" \/>\n<link rel=\"canonical\" href=\"https:\/\/rutaspatagonicas.com\/advertising\/producto\/calendario-poster-patagonia\/\" \/>\n<meta property=\"og:locale\" content=\"es_ES\" \/>\n<meta property=\"og:type\" content=\"article\" \/>\n<meta property=\"og:title\" content=\"Calendario Poster Patagonia 2025 | Rutas Patag\u00f3nicas\" \/>\n<meta property=\"og:description\" content=\"Imagina tener frente a ti, cada d\u00eda, los paisajes m\u00e1s aut\u00e9nticos y fascinantes de la legendaria\u00a0Ruta de los Troperos. Con fotograf\u00edas exclusivas en\u00a0\" \/>\n<meta property=\"og:url\" content=\"https:\/\/rutaspatagonicas.com\/advertising\/producto\/calendario-poster-patagonia\/\" \/>\n<meta property=\"og:site_name\" content=\"Rutas Patag\u00f3nicas\" \/>\n<meta property=\"article:publisher\" content=\"https:\/\/www.facebook.com\/rutaspatagonicas.travel\/\" \/>\n<meta property=\"article:modified_time\" content=\"2025-05-12T15:41:09+00:00\" \/>\n<meta property=\"og:image\" content=\"https:\/\/live.staticflickr.com\/65535\/54513362727_b659dfd7de_c.jpg\" \/>\n\t<meta property=\"og:image:width\" content=\"800\" \/>\n\t<meta property=\"og:image:height\" content=\"609\" \/>\n\t<meta property=\"og:image:type\" content=\"image\/jpeg\" \/>\n<meta name=\"twitter:card\" content=\"summary_large_image\" \/>\n<meta name=\"twitter:site\" content=\"@rutaspatagonica\" \/>\n<script type=\"application\/ld+json\" class=\"yoast-schema-graph\">{\"@context\":\"https:\/\/schema.org\",\"@graph\":[{\"@type\":\"WebPage\",\"@id\":\"https:\/\/rutaspatagonicas.com\/advertising\/producto\/calendario-poster-patagonia\/\",\"url\":\"https:\/\/rutaspatagonicas.com\/advertising\/producto\/calendario-poster-patagonia\/\",\"name\":\"Calendario Poster Patagonia 2025 | Rutas Patag\u00f3nicas\",\"isPartOf\":{\"@id\":\"https:\/\/rutaspatagonicas.com.ar\/shop\/#website\"},\"primaryImageOfPage\":{\"@id\":\"https:\/\/rutaspatagonicas.com\/advertising\/producto\/calendario-poster-patagonia\/#primaryimage\"},\"image\":{\"@id\":\"https:\/\/rutaspatagonicas.com\/advertising\/producto\/calendario-poster-patagonia\/#primaryimage\"},\"thumbnailUrl\":\"https:\/\/live.staticflickr.com\/65535\/54513362727_b659dfd7de_c.jpg\",\"datePublished\":\"2025-05-12T15:38:46+00:00\",\"dateModified\":\"2025-05-12T15:41:09+00:00\",\"description\":\"Imagina tener frente a ti, cada d\u00eda, los paisajes m\u00e1s aut\u00e9nticos y fascinantes de la legendaria\u00a0Ruta de los Troperos. Con fotograf\u00edas exclusivas en\u00a0\",\"breadcrumb\":{\"@id\":\"https:\/\/rutaspatagonicas.com\/advertising\/producto\/calendario-poster-patagonia\/#breadcrumb\"},\"inLanguage\":\"es\",\"potentialAction\":[{\"@type\":\"ReadAction\",\"target\":[\"https:\/\/rutaspatagonicas.com\/advertising\/producto\/calendario-poster-patagonia\/\"]}]},{\"@type\":\"ImageObject\",\"inLanguage\":\"es\",\"@id\":\"https:\/\/rutaspatagonicas.com\/advertising\/producto\/calendario-poster-patagonia\/#primaryimage\",\"url\":\"https:\/\/live.staticflickr.com\/65535\/54513362727_b659dfd7de_c.jpg\",\"contentUrl\":\"https:\/\/live.staticflickr.com\/65535\/54513362727_b659dfd7de_c.jpg\",\"width\":800,\"height\":609},{\"@type\":\"BreadcrumbList\",\"@id\":\"https:\/\/rutaspatagonicas.com\/advertising\/producto\/calendario-poster-patagonia\/#breadcrumb\",\"itemListElement\":[{\"@type\":\"ListItem\",\"position\":1,\"name\":\"Portada\",\"item\":\"https:\/\/rutaspatagonicas.com.ar\/shop\/\"},{\"@type\":\"ListItem\",\"position\":2,\"name\":\"Quiosco Patagonia\",\"item\":\"https:\/\/rutaspatagonicas.com.ar\/shop\/shop\/\"},{\"@type\":\"ListItem\",\"position\":3,\"name\":\"Calendario Poster Patagonia 2025\"}]},{\"@type\":\"WebSite\",\"@id\":\"https:\/\/rutaspatagonicas.com.ar\/shop\/#website\",\"url\":\"https:\/\/rutaspatagonicas.com.ar\/shop\/\",\"name\":\"Rutas Patag\u00f3nicas\",\"description\":\"Quiosco Patagonia \/ Todo lo que necesitas para tu viaje a Patagonia\",\"potentialAction\":[{\"@type\":\"SearchAction\",\"target\":{\"@type\":\"EntryPoint\",\"urlTemplate\":\"https:\/\/rutaspatagonicas.com.ar\/shop\/?s={search_term_string}\"},\"query-input\":{\"@type\":\"PropertyValueSpecification\",\"valueRequired\":true,\"valueName\":\"search_term_string\"}}],\"inLanguage\":\"es\"}]}<\/script>\n<!-- \/ Yoast SEO plugin. -->","yoast_head_json":{"title":"Calendario Poster Patagonia 2025 | Rutas Patag\u00f3nicas","description":"Imagina tener frente a ti, cada d\u00eda, los paisajes m\u00e1s aut\u00e9nticos y fascinantes de la legendaria\u00a0Ruta de los Troperos. Con fotograf\u00edas exclusivas en\u00a0","robots":{"index":"index","follow":"follow","max-snippet":"max-snippet:-1","max-image-preview":"max-image-preview:large","max-video-preview":"max-video-preview:-1"},"canonical":"https:\/\/rutaspatagonicas.com\/advertising\/producto\/calendario-poster-patagonia\/","og_locale":"es_ES","og_type":"article","og_title":"Calendario Poster Patagonia 2025 | Rutas Patag\u00f3nicas","og_description":"Imagina tener frente a ti, cada d\u00eda, los paisajes m\u00e1s aut\u00e9nticos y fascinantes de la legendaria\u00a0Ruta de los Troperos. Con fotograf\u00edas exclusivas en\u00a0","og_url":"https:\/\/rutaspatagonicas.com\/advertising\/producto\/calendario-poster-patagonia\/","og_site_name":"Rutas Patag\u00f3nicas","article_publisher":"https:\/\/www.facebook.com\/rutaspatagonicas.travel\/","article_modified_time":"2025-05-12T15:41:09+00:00","og_image":[{"width":800,"height":609,"url":"https:\/\/live.staticflickr.com\/65535\/54513362727_b659dfd7de_c.jpg","type":"image\/jpeg"}],"twitter_card":"summary_large_image","twitter_site":"@rutaspatagonica","schema":{"@context":"https:\/\/schema.org","@graph":[{"@type":"WebPage","@id":"https:\/\/rutaspatagonicas.com\/advertising\/producto\/calendario-poster-patagonia\/","url":"https:\/\/rutaspatagonicas.com\/advertising\/producto\/calendario-poster-patagonia\/","name":"Calendario Poster Patagonia 2025 | Rutas Patag\u00f3nicas","isPartOf":{"@id":"https:\/\/rutaspatagonicas.com.ar\/shop\/#website"},"primaryImageOfPage":{"@id":"https:\/\/rutaspatagonicas.com\/advertising\/producto\/calendario-poster-patagonia\/#primaryimage"},"image":{"@id":"https:\/\/rutaspatagonicas.com\/advertising\/producto\/calendario-poster-patagonia\/#primaryimage"},"thumbnailUrl":"https:\/\/live.staticflickr.com\/65535\/54513362727_b659dfd7de_c.jpg","datePublished":"2025-05-12T15:38:46+00:00","dateModified":"2025-05-12T15:41:09+00:00","description":"Imagina tener frente a ti, cada d\u00eda, los paisajes m\u00e1s aut\u00e9nticos y fascinantes de la legendaria\u00a0Ruta de los Troperos. Con fotograf\u00edas exclusivas en\u00a0","breadcrumb":{"@id":"https:\/\/rutaspatagonicas.com\/advertising\/producto\/calendario-poster-patagonia\/#breadcrumb"},"inLanguage":"es","potentialAction":[{"@type":"ReadAction","target":["https:\/\/rutaspatagonicas.com\/advertising\/producto\/calendario-poster-patagonia\/"]}]},{"@type":"ImageObject","inLanguage":"es","@id":"https:\/\/rutaspatagonicas.com\/advertising\/producto\/calendario-poster-patagonia\/#primaryimage","url":"https:\/\/live.staticflickr.com\/65535\/54513362727_b659dfd7de_c.jpg","contentUrl":"https:\/\/live.staticflickr.com\/65535\/54513362727_b659dfd7de_c.jpg","width":800,"height":609},{"@type":"BreadcrumbList","@id":"https:\/\/rutaspatagonicas.com\/advertising\/producto\/calendario-poster-patagonia\/#breadcrumb","itemListElement":[{"@type":"ListItem","position":1,"name":"Portada","item":"https:\/\/rutaspatagonicas.com.ar\/shop\/"},{"@type":"ListItem","position":2,"name":"Quiosco Patagonia","item":"https:\/\/rutaspatagonicas.com.ar\/shop\/shop\/"},{"@type":"ListItem","position":3,"name":"Calendario Poster Patagonia 2025"}]},{"@type":"WebSite","@id":"https:\/\/rutaspatagonicas.com.ar\/shop\/#website","url":"https:\/\/rutaspatagonicas.com.ar\/shop\/","name":"Rutas Patag\u00f3nicas","description":"Quiosco Patagonia \/ Todo lo que necesitas para tu viaje a Patagonia","potentialAction":[{"@type":"SearchAction","target":{"@type":"EntryPoint","urlTemplate":"https:\/\/rutaspatagonicas.com.ar\/shop\/?s={search_term_string}"},"query-input":{"@type":"PropertyValueSpecification","valueRequired":true,"valueName":"search_term_string"}}],"inLanguage":"es"}]}},"publishpress_future_workflow_manual_trigger":{"enabledWorkflows":[]},"builder_content":"","_links":{"self":[{"href":"https:\/\/rutaspatagonicas.com\/advertising\/wp-json\/wp\/v2\/product\/9613","targetHints":{"allow":["GET"]}}],"collection":[{"href":"https:\/\/rutaspatagonicas.com\/advertising\/wp-json\/wp\/v2\/product"}],"about":[{"href":"https:\/\/rutaspatagonicas.com\/advertising\/wp-json\/wp\/v2\/types\/product"}],"replies":[{"embeddable":true,"href":"https:\/\/rutaspatagonicas.com\/advertising\/wp-json\/wp\/v2\/comments?post=9613"}],"wp:featuredmedia":[{"embeddable":true,"href":"https:\/\/rutaspatagonicas.com\/advertising\/wp-json\/wp\/v2\/media\/9599"}],"wp:attachment":[{"href":"https:\/\/rutaspatagonicas.com\/advertising\/wp-json\/wp\/v2\/media?parent=9613"}],"wp:term":[{"taxonomy":"product_brand","embeddable":true,"href":"https:\/\/rutaspatagonicas.com\/advertising\/wp-json\/wp\/v2\/product_brand?post=9613"},{"taxonomy":"product_cat","embeddable":true,"href":"https:\/\/rutaspatagonicas.com\/advertising\/wp-json\/wp\/v2\/product_cat?post=9613"},{"taxonomy":"product_tag","embeddable":true,"href":"https:\/\/rutaspatagonicas.com\/advertising\/wp-json\/wp\/v2\/product_tag?post=9613"}],"curies":[{"name":"wp","href":"https:\/\/api.w.org\/{rel}","templated":true}]}}